{"id":8,"date":"2024-06-19T12:14:09","date_gmt":"2024-06-19T12:14:09","guid":{"rendered":"https:\/\/joingosu.com\/?page_id=8"},"modified":"2024-09-20T15:44:31","modified_gmt":"2024-09-20T15:44:31","slug":"for-shelters","status":"publish","type":"page","link":"https:\/\/joingosu.com\/pt\/for-shelters\/","title":{"rendered":"Para abrigos"},"content":{"rendered":"<div class=\"wp-block-group alignfull has-base-2-background-color has-background has-global-padding is-layout-constrained wp-container-core-group-is-layout-669513ed wp-block-group-is-layout-constrained\" style=\"margin-top:0;margin-bottom:0;padding-top:var(--wp--preset--spacing--50);padding-right:var(--wp--preset--spacing--50);padding-bottom:var(--wp--preset--spacing--50);padding-left:var(--wp--preset--spacing--50)\">\n<div class=\"wp-block-group is-vertical is-content-justification-center is-layout-flex wp-container-core-group-is-layout-52b864f0 wp-block-group-is-layout-flex\">\n<h2 class=\"wp-block-heading has-text-align-center is-style-asterisk\">A superlota\u00e7\u00e3o representa um grande desafio para os abrigos. <\/h2>\n\n\n\n<div style=\"height:0px\" aria-hidden=\"true\" class=\"wp-block-spacer wp-container-content-4f2ccadb\"><\/div>\n\n\n\n<p class=\"has-text-align-center\">Todos os dias, uma m\u00e9dia de 119 c\u00e3es e gatos s\u00e3o abandonados em Portugal, levando a condi\u00e7\u00f5es de superlota\u00e7\u00e3o e aumento de stress para os animais e para o staff.<\/p>\n<\/div>\n\n\n\n<div style=\"margin-top:0;margin-bottom:0;height:var(--wp--preset--spacing--40)\" aria-hidden=\"true\" class=\"wp-block-spacer\"><\/div>\n\n\n\n<figure class=\"wp-block-image alignfull size-large\"><img loading=\"lazy\" decoding=\"async\" width=\"1024\" height=\"551\" src=\"https:\/\/joingosu.com\/wp-content\/uploads\/2024\/06\/full-kennel-1-1024x551.webp\" alt=\"\" class=\"wp-image-79\" srcset=\"https:\/\/joingosu.com\/wp-content\/uploads\/2024\/06\/full-kennel-1-1024x551.webp 1024w, https:\/\/joingosu.com\/wp-content\/uploads\/2024\/06\/full-kennel-1-300x162.webp 300w, https:\/\/joingosu.com\/wp-content\/uploads\/2024\/06\/full-kennel-1-768x414.webp 768w, https:\/\/joingosu.com\/wp-content\/uploads\/2024\/06\/full-kennel-1.webp 1439w\" sizes=\"auto, (max-width: 1024px) 100vw, 1024px\" \/><\/figure>\n\n\n\n<div class=\"wp-block-columns alignwide is-layout-flex wp-container-core-columns-is-layout-d0bbbce0 wp-block-columns-is-layout-flex\">\n<div class=\"wp-block-column is-layout-flow wp-container-core-column-is-layout-e3d1c41b wp-block-column-is-layout-flow\">\n<h3 class=\"wp-block-heading has-text-align-left is-style-asterisk has-body-font-family has-medium-font-size\" style=\"font-style:normal;font-weight:600\"><strong>Sobrelota\u00e7\u00e3o<\/strong><\/h3>\n\n\n\n<p class=\"has-text-align-left\">A maioria dos abrigos est\u00e1 al\u00e9m da sua capacidade, tendo dificuldades para acolher o n\u00famero elevado de animais abandonados.<\/p>\n<\/div>\n\n\n\n<div class=\"wp-block-column is-layout-flow wp-container-core-column-is-layout-e3d1c41b wp-block-column-is-layout-flow\">\n<h3 class=\"wp-block-heading has-text-align-left is-style-asterisk has-body-font-family has-medium-font-size\" style=\"font-style:normal;font-weight:600\"><strong>Taxas de Ado\u00e7\u00e3o<\/strong><\/h3>\n\n\n\n<p class=\"has-text-align-left\">Apenas uma pequena percentagem de animais \u00e9 adotada a partir de abrigos, agravando ainda mais o problema da superlota\u00e7\u00e3o.<\/p>\n<\/div>\n<\/div>\n\n\n\n<div style=\"height:var(--wp--preset--spacing--20)\" aria-hidden=\"true\" class=\"wp-block-spacer\"><\/div>\n\n\n\n<div class=\"wp-block-columns alignwide is-layout-flex wp-container-core-columns-is-layout-d0bbbce0 wp-block-columns-is-layout-flex\">\n<div class=\"wp-block-column is-layout-flow wp-container-core-column-is-layout-e3d1c41b wp-block-column-is-layout-flow\">\n<h3 class=\"wp-block-heading has-text-align-left is-style-asterisk has-body-font-family has-medium-font-size\" style=\"font-style:normal;font-weight:600\"><strong>Burocracia<\/strong><\/h3>\n\n\n\n<p class=\"has-text-align-left\">Processos longos e complicados tornam dif\u00edcil para as pessoas adotarem ou receberem animais em regime tempor\u00e1rio.<\/p>\n<\/div>\n\n\n\n<div class=\"wp-block-column is-layout-flow wp-container-core-column-is-layout-e3d1c41b wp-block-column-is-layout-flow\">\n<h3 class=\"wp-block-heading has-text-align-left is-style-asterisk has-body-font-family has-medium-font-size\" style=\"font-style:normal;font-weight:600\">C\u00e3es vadios<\/h3>\n\n\n\n<p class=\"has-text-align-left\">A lei que pro\u00edbe a eutan\u00e1sia de animais saud\u00e1veis n\u00e3o est\u00e1 acompanhada por um controlo eficaz da popula\u00e7\u00e3o de c\u00e3es vadios, e os abrigos n\u00e3o conseguem acomod\u00e1-los.<\/p>\n<\/div>\n<\/div>\n<\/div>\n\n\n\n<div class=\"wp-block-group alignfull has-background is-layout-flow wp-block-group-is-layout-flow\" style=\"background-color:#f5eac1;padding-top:6vw;padding-right:6vw;padding-bottom:6vw;padding-left:6vw\">\n<div class=\"wp-block-group is-vertical is-nowrap is-layout-flex wp-container-core-group-is-layout-36fd9ea3 wp-block-group-is-layout-flex\" style=\"padding-right:0;padding-left:0\">\n<h6 class=\"wp-block-heading has-text-color\" id=\"ecosystem\" style=\"color:#000000;font-size:clamp(14px, 0.875rem + ((1vw - 3.2px) * 0.208), 16px);\">COMO PODEMOS AJUDAR<\/h6>\n\n\n\n<p class=\"has-text-color\" style=\"color:#000000;font-size:6vw;font-style:normal;font-weight:700;letter-spacing:0px;line-height:0.9;text-decoration:none;text-transform:none\">A abordagem refrescante da Gosu<\/p>\n<\/div>\n\n\n\n<div style=\"height:1vw\" aria-hidden=\"true\" class=\"wp-block-spacer\"><\/div>\n\n\n\n<div class=\"wp-block-group alignwide is-vertical is-nowrap is-layout-flex wp-container-core-group-is-layout-7946b6b8 wp-block-group-is-layout-flex\" style=\"padding-top:0;padding-right:0;padding-bottom:0;padding-left:0\">\n<div class=\"wp-block-columns alignwide is-layout-flex wp-container-core-columns-is-layout-21b20327 wp-block-columns-is-layout-flex\">\n<div class=\"wp-block-column is-layout-flow wp-block-column-is-layout-flow\" style=\"flex-basis:33.38%\">\n<p>Acesso Facilitado: Simplificamos o acolhimento tempor\u00e1rio, tornando mais f\u00e1cil para as pessoas envolverem-se.<\/p>\n\n\n\n<p><br>Flexibilidade: Com estadias curtas e passeios de um dia, acolher um c\u00e3o encaixa-se melhor em mais estilos de vida.<\/p>\n\n\n\n<p><br>Refor\u00e7o Comunit\u00e1rio: Damos visibilidade \u00e0 crise nos abrigos, incentivando doa\u00e7\u00f5es e criando uma comunidade de amantes de c\u00e3es.<\/p>\n<\/div>\n\n\n\n<div class=\"wp-block-column is-layout-flow wp-block-column-is-layout-flow\" style=\"flex-basis:33%\">\n<div style=\"height:2vw\" aria-hidden=\"true\" class=\"wp-block-spacer\"><\/div>\n\n\n\n<figure class=\"wp-block-image size-full\"><img loading=\"lazy\" decoding=\"async\" width=\"615\" height=\"820\" src=\"https:\/\/joingosu.com\/wp-content\/uploads\/2024\/06\/Close-Up-Of-Hand-Holding-Dog-1.webp\" alt=\"\" class=\"wp-image-50\" srcset=\"https:\/\/joingosu.com\/wp-content\/uploads\/2024\/06\/Close-Up-Of-Hand-Holding-Dog-1.webp 615w, https:\/\/joingosu.com\/wp-content\/uploads\/2024\/06\/Close-Up-Of-Hand-Holding-Dog-1-225x300.webp 225w\" sizes=\"auto, (max-width: 615px) 100vw, 615px\" \/><\/figure>\n<\/div>\n\n\n\n<div class=\"wp-block-column is-layout-flow wp-block-column-is-layout-flow\" style=\"flex-basis:33.62%\">\n<figure class=\"wp-block-image size-full\"><img loading=\"lazy\" decoding=\"async\" width=\"870\" height=\"1160\" src=\"https:\/\/joingosu.com\/wp-content\/uploads\/2024\/06\/opt__aboutcom__coeus__resources__content_migration__mnn__images__2016__02__dogkiss-633221f06fc84c8ca7541c240382268d-edited.jpg\" alt=\"\" class=\"wp-image-52\" srcset=\"https:\/\/joingosu.com\/wp-content\/uploads\/2024\/06\/opt__aboutcom__coeus__resources__content_migration__mnn__images__2016__02__dogkiss-633221f06fc84c8ca7541c240382268d-edited.jpg 870w, https:\/\/joingosu.com\/wp-content\/uploads\/2024\/06\/opt__aboutcom__coeus__resources__content_migration__mnn__images__2016__02__dogkiss-633221f06fc84c8ca7541c240382268d-edited-225x300.jpg 225w, https:\/\/joingosu.com\/wp-content\/uploads\/2024\/06\/opt__aboutcom__coeus__resources__content_migration__mnn__images__2016__02__dogkiss-633221f06fc84c8ca7541c240382268d-edited-768x1024.jpg 768w\" sizes=\"auto, (max-width: 870px) 100vw, 870px\" \/><\/figure>\n<\/div>\n<\/div>\n\n\n\n<div class=\"wp-block-columns alignwide is-layout-flex wp-container-core-columns-is-layout-c24efe4f wp-block-columns-is-layout-flex\">\n<div class=\"wp-block-column is-layout-flow wp-block-column-is-layout-flow\" style=\"flex-basis:69%\">\n<figure class=\"wp-block-image size-large\"><img loading=\"lazy\" decoding=\"async\" width=\"1024\" height=\"681\" src=\"https:\/\/joingosu.com\/wp-content\/uploads\/2024\/06\/forevervetscom_896701859-1024x681.jpg\" alt=\"\" class=\"wp-image-46\" srcset=\"https:\/\/joingosu.com\/wp-content\/uploads\/2024\/06\/forevervetscom_896701859-1024x681.jpg 1024w, https:\/\/joingosu.com\/wp-content\/uploads\/2024\/06\/forevervetscom_896701859-300x200.jpg 300w, https:\/\/joingosu.com\/wp-content\/uploads\/2024\/06\/forevervetscom_896701859-768x511.jpg 768w, https:\/\/joingosu.com\/wp-content\/uploads\/2024\/06\/forevervetscom_896701859-1536x1021.jpg 1536w, https:\/\/joingosu.com\/wp-content\/uploads\/2024\/06\/forevervetscom_896701859.jpg 1600w\" sizes=\"auto, (max-width: 1024px) 100vw, 1024px\" \/><\/figure>\n<\/div>\n\n\n\n<div class=\"wp-block-column is-vertically-aligned-center is-layout-flow wp-block-column-is-layout-flow\" style=\"flex-basis:33%\">\n<div style=\"height:2vw\" aria-hidden=\"true\" class=\"wp-block-spacer\"><\/div>\n\n\n\n<p>Ao descomplicar os processos burocr\u00e1ticos e oferecer op\u00e7\u00f5es de acolhimento flex\u00edveis, a GOSU ajuda a aliviar a carga dos abrigos e d\u00e1 a mais c\u00e3es uma oportunidade de uma vida melhor.<\/p>\n\n\n\n<div style=\"height:40px\" aria-hidden=\"true\" class=\"wp-block-spacer\"><\/div>\n\n\n\n<p><strong>Junta-te a n\u00f3s hoje!<\/strong><\/p>\n\n\n\n<p>Faz parte de um movimento centrado no amor, na companhia e no apoio m\u00fatuo.<\/p>\n\n\n\n<p>Interested in learning more? <a href=\"mailto:virginia@joingosu.com\" data-type=\"mailto\" data-id=\"mailto:virginia@joingosu.com\">Contact us<\/a> to become a GOSU partner shelter.<\/p>\n<\/div>\n<\/div>\n<\/div>\n<\/div>","protected":false},"excerpt":{"rendered":"<p>Shelters are facing a significant challenge with overcapacity. Every day, an average of 119 dogs and cats are abandoned in Portugal, leading to overcrowded conditions and increased stress for both animals and staff. Overcrowding Most shelters are over-capacity, struggling to accommodate the high number of abandoned animals. Adoption Rates Only a small percentage of animals [&hellip;]<\/p>\n","protected":false},"author":1,"featured_media":0,"parent":0,"menu_order":0,"comment_status":"closed","ping_status":"closed","template":"","meta":{"_uag_custom_page_level_css":"","footnotes":""},"class_list":["post-8","page","type-page","status-publish","hentry"],"spectra_custom_meta":{"_edit_lock":["1726847179:1"],"rank_math_og_content_image":["a:2:{s:5:\"check\";s:32:\"8028a683bf3cf037ad2e2be0e21a8111\";s:6:\"images\";a:1:{i:0;s:75:\"https:\/\/joingosu.com\/wp-content\/uploads\/2024\/06\/full-kennel-1-1024x551.webp\";}}"],"rank_math_internal_links_processed":["1"],"_uag_css_file_name":["uag-css-8.css"],"_uag_page_assets":["a:9:{s:3:\"css\";s:263:\".uag-blocks-common-selector{z-index:var(--z-index-desktop) !important}@media (max-width: 976px){.uag-blocks-common-selector{z-index:var(--z-index-tablet) !important}}@media (max-width: 767px){.uag-blocks-common-selector{z-index:var(--z-index-mobile) !important}}\n\";s:2:\"js\";s:0:\"\";s:18:\"current_block_list\";a:19:{i:0;s:10:\"core\/group\";i:3;s:14:\"core\/site-logo\";i:5;s:15:\"core\/site-title\";i:7;s:15:\"core\/navigation\";i:8;s:21:\"trp\/language-switcher\";i:11;s:11:\"core\/spacer\";i:12;s:17:\"core\/post-content\";i:14;s:12:\"core\/columns\";i:15;s:11:\"core\/column\";i:16;s:17:\"core\/site-tagline\";i:20;s:12:\"core\/heading\";i:23;s:20:\"core\/navigation-link\";i:25;s:14:\"core\/paragraph\";i:26;s:10:\"core\/image\";i:27;s:11:\"core\/search\";i:28;s:17:\"core\/latest-posts\";i:29;s:20:\"core\/latest-comments\";i:30;s:13:\"core\/archives\";i:31;s:15:\"core\/categories\";}s:8:\"uag_flag\";b:0;s:11:\"uag_version\";s:10:\"1774982200\";s:6:\"gfonts\";a:0:{}s:10:\"gfonts_url\";s:0:\"\";s:12:\"gfonts_files\";a:0:{}s:14:\"uag_faq_layout\";b:0;}"]},"uagb_featured_image_src":{"full":false,"thumbnail":false,"medium":false,"medium_large":false,"large":false,"1536x1536":false,"2048x2048":false,"trp-custom-language-flag":false},"uagb_author_info":{"display_name":"methodical","author_link":"https:\/\/joingosu.com\/pt\/author\/methodical\/"},"uagb_comment_info":0,"uagb_excerpt":"Shelters are facing a significant challenge with overcapacity. Every day, an average of 119 dogs and cats are abandoned in Portugal, leading to overcrowded conditions and increased stress for both animals and staff. Overcrowding Most shelters are over-capacity, struggling to accommodate the high number of abandoned animals. Adoption Rates Only a small percentage of animals&hellip;","_links":{"self":[{"href":"https:\/\/joingosu.com\/pt\/wp-json\/wp\/v2\/pages\/8","targetHints":{"allow":["GET"]}}],"collection":[{"href":"https:\/\/joingosu.com\/pt\/wp-json\/wp\/v2\/pages"}],"about":[{"href":"https:\/\/joingosu.com\/pt\/wp-json\/wp\/v2\/types\/page"}],"author":[{"embeddable":true,"href":"https:\/\/joingosu.com\/pt\/wp-json\/wp\/v2\/users\/1"}],"replies":[{"embeddable":true,"href":"https:\/\/joingosu.com\/pt\/wp-json\/wp\/v2\/comments?post=8"}],"version-history":[{"count":6,"href":"https:\/\/joingosu.com\/pt\/wp-json\/wp\/v2\/pages\/8\/revisions"}],"predecessor-version":[{"id":118,"href":"https:\/\/joingosu.com\/pt\/wp-json\/wp\/v2\/pages\/8\/revisions\/118"}],"wp:attachment":[{"href":"https:\/\/joingosu.com\/pt\/wp-json\/wp\/v2\/media?parent=8"}],"curies":[{"name":"wp","href":"https:\/\/api.w.org\/{rel}","templated":true}]}}